{"id":16,"date":"2015-07-27T18:57:10","date_gmt":"2015-07-27T18:57:10","guid":{"rendered":"http:\/\/www.cursovencer.com.br\/vencer\/?page_id=2"},"modified":"2018-02-27T18:20:16","modified_gmt":"2018-02-27T21:20:16","slug":"equipe","status":"publish","type":"page","link":"https:\/\/www.cursovencer.com.br\/vencer\/equipe\/","title":{"rendered":"Equipe"},"content":{"rendered":"<h1 style=\"text-align: center;\"><strong>DIRE\u00c7\u00c3O<\/strong><\/h1>\n<p><span style=\"color: #339966;\"><strong>Humberto Holanda<\/strong><\/span><br \/>\nLicenciatura Plena em Matem\u00e1tica &#8211; UFRPE<\/p>\n<p><span style=\"color: #339966;\"><strong>Luzinete Holanda<\/strong><\/span><br \/>\nLetras &#8211; Faculdade de Filosofia do Recife &#8211; FAFIRE<br \/>\nEspecializa\u00e7\u00e3o em Lingu\u00edstica Aplicada ao Ensino da L\u00edngua Portuguesa &#8211; UFPE<\/p>\n<p><span style=\"color: #339966;\"><strong>Iranete Holanda<\/strong><\/span><br \/>\nLetras &#8211; Faculdade de Forma\u00e7\u00e3o de Professores de Nazar\u00e9 da Mata &#8211; UPE<br \/>\nEspecializa\u00e7\u00e3o em L\u00edngua Portuguesa e Literatura Brasileira &#8211; UFPE<\/p>\n<p>&nbsp;<\/p>\n<h1 style=\"text-align: center;\"><strong>PROFESSORES<\/strong><\/h1>\n<h2><em><strong>MATEM\u00c1TICA<\/strong><\/em><\/h2>\n<p><span style=\"color: #99cc00;\"><strong>F\u00e1bio Oliveira<\/strong><\/span><br \/>\nLicenciatura Plena em Ci\u00eancias com Habilita\u00e7\u00e3o em Matem\u00e1tica &#8211; FUNESO<br \/>\nEspecializa\u00e7\u00e3o em Educa\u00e7\u00e3o em Ci\u00eancias (F\u00edsica) &#8211; UFEPE<\/p>\n<p><span style=\"color: #99cc00;\"><strong>Humberto Holanda<\/strong><\/span><br \/>\nLicenciatura Plena em Matem\u00e1tica &#8211; UFRPE<\/p>\n<p><span style=\"color: #99cc00;\"><strong>Jadeirton Costa<\/strong><\/span><br \/>\nLicenciatura Plena em Matem\u00e1tica &#8211; UFRPE<\/p>\n<p>&nbsp;<\/p>\n<h2><em><strong>PORTUGU\u00caS<\/strong><\/em><\/h2>\n<p><span style=\"color: #99cc00;\"><strong>Ana Cl\u00e1udia<\/strong><\/span><br \/>\nLetras &#8211; Universidade Federal de Pernambuco &#8211; UFPE<\/p>\n<p><span style=\"color: #99cc00;\"><strong>Iranete Holanda<\/strong><\/span><br \/>\nLetras &#8211; Faculdade de Forma\u00e7\u00e3o de Professores de Nazar\u00e9 da Mata &#8211; UPE<br \/>\nEspecializa\u00e7\u00e3o em L\u00edngua Portuguesa e Literatura Brasileira &#8211; UFPE<\/p>\n<p><span style=\"color: #99cc00;\"><strong>Luzinete Holanda<\/strong><\/span><br \/>\nLetras &#8211; Faculdade de Filosofia do Recife &#8211; FAFIRE<br \/>\nEspecializa\u00e7\u00e3o em Lingu\u00edstica Aplicada ao Ensino da L\u00edngua Portuguesa &#8211; UFPE<\/p>\n<p><span style=\"color: #99cc00;\"><strong>Claudineide Melo<\/strong><\/span><br \/>\nLicenciatura Plena em Letras &#8211;\u00a0UFPE<\/p>\n<p><span style=\"color: #99cc00;\"><strong>Ros\u00e2ngela Ribeiro<\/strong><\/span><br \/>\nLetras &#8211; Universidade Cat\u00f3lica de Pernambuco &#8211; UNICAP<br \/>\nEspecializa\u00e7\u00e3o em L\u00edngua Portuguesa &#8211; Instituto Caripicu\u00edba<\/p>\n<p>&nbsp;<\/p>\n<h2><i>REFOR\u00c7O<\/i><\/h2>\n<p><span style=\"color: #99cc00;\"><b>Lyen &#8211; <em>Matem\u00e1tica<\/em><\/b><\/span><\/p>\n<p><span style=\"color: #99cc00;\"><b>Isabela &#8211;\u00a0<em>Portugu\u00eas<\/em><\/b><\/span><\/p>\n<h1 style=\"text-align: center;\"><strong>SECRETARIA<\/strong><\/h1>\n<p><span style=\"color: #99cc00;\"><b>Andrea Tavares<\/b><\/span><br \/>\nAuxiliar de Coordena\u00e7\u00e3o<\/p>\n<p><span style=\"color: #99cc00;\"><b>Rafaella<\/b><\/span><br \/>\nAuxiliar de Coordena\u00e7\u00e3o<\/p>\n<p><span style=\"color: #99cc00;\"><b>Gabriel Tiago<\/b><\/span><br \/>\nDesigner Gr\u00e1fico<\/p>\n<p><span style=\"color: #99cc00;\"><b>F\u00e1bio da Silva<\/b><\/span><br \/>\nServi\u00e7os Gerais<\/p>\n","protected":false},"excerpt":{"rendered":"<p>DIRE\u00c7\u00c3O Humberto Holanda Licenciatura Plena em Matem\u00e1tica &#8211; UFRPE Luzinete Holanda Letras &#8211; Faculdade de Filosofia do Recife &#8211; FAFIRE Especializa\u00e7\u00e3o em Lingu\u00edstica Aplicada ao Ensino<span class=\"excerpt-hellip\"> [\u2026]<\/span><\/p>\n","protected":false},"author":1,"featured_media":0,"parent":0,"menu_order":0,"comment_status":"open","ping_status":"open","template":"","meta":{"_joinchat":[],"footnotes":""},"class_list":["post-16","page","type-page","status-publish","hentry"],"_links":{"self":[{"href":"https:\/\/www.cursovencer.com.br\/vencer\/wp-json\/wp\/v2\/pages\/16","targetHints":{"allow":["GET"]}}],"collection":[{"href":"https:\/\/www.cursovencer.com.br\/vencer\/wp-json\/wp\/v2\/pages"}],"about":[{"href":"https:\/\/www.cursovencer.com.br\/vencer\/wp-json\/wp\/v2\/types\/page"}],"author":[{"embeddable":true,"href":"https:\/\/www.cursovencer.com.br\/vencer\/wp-json\/wp\/v2\/users\/1"}],"replies":[{"embeddable":true,"href":"https:\/\/www.cursovencer.com.br\/vencer\/wp-json\/wp\/v2\/comments?post=16"}],"version-history":[{"count":9,"href":"https:\/\/www.cursovencer.com.br\/vencer\/wp-json\/wp\/v2\/pages\/16\/revisions"}],"predecessor-version":[{"id":523,"href":"https:\/\/www.cursovencer.com.br\/vencer\/wp-json\/wp\/v2\/pages\/16\/revisions\/523"}],"wp:attachment":[{"href":"https:\/\/www.cursovencer.com.br\/vencer\/wp-json\/wp\/v2\/media?parent=16"}],"curies":[{"name":"wp","href":"https:\/\/api.w.org\/{rel}","templated":true}]}}